{"id":11,"date":"2019-12-31T19:25:26","date_gmt":"2019-12-31T18:25:26","guid":{"rendered":"http:\/\/buergerstiftung-woelfersheim.de\/?page_id=11"},"modified":"2020-01-02T15:32:06","modified_gmt":"2020-01-02T14:32:06","slug":"projekte","status":"publish","type":"page","link":"http:\/\/buergerstiftung-woelfersheim.de\/index.php\/projekte\/","title":{"rendered":"Projekte"},"content":{"rendered":"<div class=\"wpb-content-wrapper\"><p>[vc_row][vc_column][vc_column_text]<\/p>\n<p>Die B\u00fcrgerstiftung hat in den vergangenen Jahren zahlreiche Projekte realisiert. Auf dieser Seite finden Sie einen Auszug unserer Arbeit. Der Einfachheit halber haben wir die Projekte in drei Hauptschwerpunkte unserer Arbeit kategoriesiert. Bitte beachten Sie, dass diese \u00dcbersicht nicht vollst\u00e4ndig ist und regelm\u00e4\u00dfig erg\u00e4nzt wird.<\/p>\n<p>&nbsp;<\/p>\n\n<p>&nbsp;<\/p>\n<p>[\/vc_column_text][\/vc_column][\/vc_row][vc_row][vc_column][g5plus_portfolio item_amount=\"120\" columns=\"4\" current_page=\"1\" is_filter=\"true\"][\/vc_column][\/vc_row]<\/p>\n<\/div>","protected":false},"excerpt":{"rendered":"<p>[vc_row][vc_column][vc_column_text] Die B\u00fcrgerstiftung hat in den vergangenen Jahren zahlreiche Projekte realisiert. Auf dieser Seite finden Sie einen Auszug unserer Arbeit. Der Einfachheit halber haben wir die Projekte in drei Hauptschwerpunkte unserer Arbeit kategoriesiert. Bitte beachten Sie, dass diese \u00dcbersicht nicht vollst\u00e4ndig ist und regelm\u00e4\u00dfig erg\u00e4nzt wird. &nbsp; &nbsp; [\/vc_column_text][\/vc_column][\/vc_row][vc_row][vc_column][g5plus_portfolio item_amount=&#8220;120&#8243; columns=&#8220;4&#8243; current_page=&#8220;1&#8243; is_filter=&#8220;true&#8220;][\/vc_column][\/vc_row]<\/p>\n","protected":false},"author":1,"featured_media":0,"parent":0,"menu_order":0,"comment_status":"closed","ping_status":"closed","template":"","meta":{"footnotes":""},"class_list":["post-11","page","type-page","status-publish","hentry"],"_links":{"self":[{"href":"http:\/\/buergerstiftung-woelfersheim.de\/index.php\/wp-json\/wp\/v2\/pages\/11","targetHints":{"allow":["GET"]}}],"collection":[{"href":"http:\/\/buergerstiftung-woelfersheim.de\/index.php\/wp-json\/wp\/v2\/pages"}],"about":[{"href":"http:\/\/buergerstiftung-woelfersheim.de\/index.php\/wp-json\/wp\/v2\/types\/page"}],"author":[{"embeddable":true,"href":"http:\/\/buergerstiftung-woelfersheim.de\/index.php\/wp-json\/wp\/v2\/users\/1"}],"replies":[{"embeddable":true,"href":"http:\/\/buergerstiftung-woelfersheim.de\/index.php\/wp-json\/wp\/v2\/comments?post=11"}],"version-history":[{"count":5,"href":"http:\/\/buergerstiftung-woelfersheim.de\/index.php\/wp-json\/wp\/v2\/pages\/11\/revisions"}],"predecessor-version":[{"id":211,"href":"http:\/\/buergerstiftung-woelfersheim.de\/index.php\/wp-json\/wp\/v2\/pages\/11\/revisions\/211"}],"wp:attachment":[{"href":"http:\/\/buergerstiftung-woelfersheim.de\/index.php\/wp-json\/wp\/v2\/media?parent=11"}],"curies":[{"name":"wp","href":"https:\/\/api.w.org\/{rel}","templated":true}]}}